{"id":5602,"date":"2026-04-24T12:18:21","date_gmt":"2026-04-24T12:18:21","guid":{"rendered":"https:\/\/traveladic.com\/?page_id=5602"},"modified":"2026-04-24T12:20:38","modified_gmt":"2026-04-24T12:20:38","slug":"guies-de-senderisme-a-catalunya","status":"publish","type":"page","link":"https:\/\/traveladic.com\/ca\/guies-de-senderisme-a-catalunya\/","title":{"rendered":"Guies de senderisme a Catalunya"},"content":{"rendered":"\n<p>En aquesta p\u00e0gina trobar\u00e0s diferents rutes de senderisme a Catalunya. En cada una d&#8217;elles t&#8217;expliquem com arribar-hi, que t&#8217;hi trobar\u00e0s i aquells consell pr\u00e0ctics m\u00e9s interessants. A m\u00e9s, hi trobar\u00e0s enlla\u00e7os a Wikiloc per poder seguir el track si aix\u00ed ho desitges. <\/p>\n","protected":false},"excerpt":{"rendered":"<p>En aquesta p\u00e0gina trobar\u00e0s diferents rutes de senderisme a Catalunya. En cada una d&#8217;elles t&#8217;expliquem com arribar-hi, que t&#8217;hi trobar\u00e0s i aquells consell pr\u00e0ctics m\u00e9s interessants. A m\u00e9s, hi trobar\u00e0s enlla\u00e7os a Wikiloc per poder seguir el track si aix\u00ed ho desitges.<\/p>\n","protected":false},"author":1,"featured_media":0,"parent":0,"menu_order":0,"comment_status":"closed","ping_status":"closed","template":"page-senderisme-catalunya.php","meta":{"_acf_changed":false,"footnotes":""},"class_list":["post-5602","page","type-page","status-publish","hentry"],"acf":[],"yoast_head":"<!-- This site is optimized with the Yoast SEO plugin v27.4 - https:\/\/yoast.com\/product\/yoast-seo-wordpress\/ -->\n<title>Senderisme a Catalunya: les millors rutes per descobrir el pa\u00eds<\/title>\n<meta name=\"description\" content=\"Descobreix les millors rutes de senderisme a Catalunya: excursions per a tots els nivells, paisatges espectaculars i inspiraci\u00f3 per caminar.\" \/>\n<meta name=\"robots\" content=\"index, follow, max-snippet:-1, max-image-preview:large, max-video-preview:-1\" \/>\n<link rel=\"canonical\" href=\"https:\/\/traveladic.com\/ca\/guies-de-senderisme-a-catalunya\/\" \/>\n<meta property=\"og:locale\" content=\"ca_ES\" \/>\n<meta property=\"og:type\" content=\"article\" \/>\n<meta property=\"og:title\" content=\"Senderisme a Catalunya: les millors rutes per descobrir el pa\u00eds\" \/>\n<meta property=\"og:description\" content=\"Descobreix les millors rutes de senderisme a Catalunya: excursions per a tots els nivells, paisatges espectaculars i inspiraci\u00f3 per caminar.\" \/>\n<meta property=\"og:url\" content=\"https:\/\/traveladic.com\/ca\/guies-de-senderisme-a-catalunya\/\" \/>\n<meta property=\"og:site_name\" content=\"Travel\u00e0dic\" \/>\n<meta property=\"article:modified_time\" content=\"2026-04-24T12:20:38+00:00\" \/>\n<meta name=\"twitter:card\" content=\"summary_large_image\" \/>\n<script type=\"application\/ld+json\" class=\"yoast-schema-graph\">{\"@context\":\"https:\\\/\\\/schema.org\",\"@graph\":[{\"@type\":\"WebPage\",\"@id\":\"https:\\\/\\\/traveladic.com\\\/guies-de-senderisme-a-catalunya\\\/\",\"url\":\"https:\\\/\\\/traveladic.com\\\/guies-de-senderisme-a-catalunya\\\/\",\"name\":\"Senderisme a Catalunya: les millors rutes per descobrir el pa\u00eds\",\"isPartOf\":{\"@id\":\"https:\\\/\\\/traveladic.com\\\/#website\"},\"datePublished\":\"2026-04-24T12:18:21+00:00\",\"dateModified\":\"2026-04-24T12:20:38+00:00\",\"description\":\"Descobreix les millors rutes de senderisme a Catalunya: excursions per a tots els nivells, paisatges espectaculars i inspiraci\u00f3 per caminar.\",\"breadcrumb\":{\"@id\":\"https:\\\/\\\/traveladic.com\\\/guies-de-senderisme-a-catalunya\\\/#breadcrumb\"},\"inLanguage\":\"ca\",\"potentialAction\":[{\"@type\":\"ReadAction\",\"target\":[\"https:\\\/\\\/traveladic.com\\\/guies-de-senderisme-a-catalunya\\\/\"]}]},{\"@type\":\"BreadcrumbList\",\"@id\":\"https:\\\/\\\/traveladic.com\\\/guies-de-senderisme-a-catalunya\\\/#breadcrumb\",\"itemListElement\":[{\"@type\":\"ListItem\",\"position\":1,\"name\":\"Portada\",\"item\":\"https:\\\/\\\/traveladic.com\\\/\"},{\"@type\":\"ListItem\",\"position\":2,\"name\":\"Guies de senderisme a Catalunya\"}]},{\"@type\":\"WebSite\",\"@id\":\"https:\\\/\\\/traveladic.com\\\/#website\",\"url\":\"https:\\\/\\\/traveladic.com\\\/\",\"name\":\"Travel\u00e0dic\",\"description\":\"La teva aventura comen\u00e7a aqu\u00ed.\",\"publisher\":{\"@id\":\"https:\\\/\\\/traveladic.com\\\/#organization\"},\"potentialAction\":[{\"@type\":\"SearchAction\",\"target\":{\"@type\":\"EntryPoint\",\"urlTemplate\":\"https:\\\/\\\/traveladic.com\\\/?s={search_term_string}\"},\"query-input\":{\"@type\":\"PropertyValueSpecification\",\"valueRequired\":true,\"valueName\":\"search_term_string\"}}],\"inLanguage\":\"ca\"},{\"@type\":\"Organization\",\"@id\":\"https:\\\/\\\/traveladic.com\\\/#organization\",\"name\":\"Travel\u00e0dic\",\"url\":\"https:\\\/\\\/traveladic.com\\\/\",\"logo\":{\"@type\":\"ImageObject\",\"inLanguage\":\"ca\",\"@id\":\"https:\\\/\\\/traveladic.com\\\/#\\\/schema\\\/logo\\\/image\\\/\",\"url\":\"https:\\\/\\\/traveladic.com\\\/wp-content\\\/uploads\\\/2025\\\/06\\\/cropped-logo-WhiteBG-1-1.png\",\"contentUrl\":\"https:\\\/\\\/traveladic.com\\\/wp-content\\\/uploads\\\/2025\\\/06\\\/cropped-logo-WhiteBG-1-1.png\",\"width\":250,\"height\":250,\"caption\":\"Travel\u00e0dic\"},\"image\":{\"@id\":\"https:\\\/\\\/traveladic.com\\\/#\\\/schema\\\/logo\\\/image\\\/\"},\"sameAs\":[\"https:\\\/\\\/www.instagram.com\\\/traveladic_kitmochilero\\\/\"]}]}<\/script>\n<!-- \/ Yoast SEO plugin. -->","yoast_head_json":{"title":"Senderisme a Catalunya: les millors rutes per descobrir el pa\u00eds","description":"Descobreix les millors rutes de senderisme a Catalunya: excursions per a tots els nivells, paisatges espectaculars i inspiraci\u00f3 per caminar.","robots":{"index":"index","follow":"follow","max-snippet":"max-snippet:-1","max-image-preview":"max-image-preview:large","max-video-preview":"max-video-preview:-1"},"canonical":"https:\/\/traveladic.com\/ca\/guies-de-senderisme-a-catalunya\/","og_locale":"ca_ES","og_type":"article","og_title":"Senderisme a Catalunya: les millors rutes per descobrir el pa\u00eds","og_description":"Descobreix les millors rutes de senderisme a Catalunya: excursions per a tots els nivells, paisatges espectaculars i inspiraci\u00f3 per caminar.","og_url":"https:\/\/traveladic.com\/ca\/guies-de-senderisme-a-catalunya\/","og_site_name":"Travel\u00e0dic","article_modified_time":"2026-04-24T12:20:38+00:00","twitter_card":"summary_large_image","schema":{"@context":"https:\/\/schema.org","@graph":[{"@type":"WebPage","@id":"https:\/\/traveladic.com\/guies-de-senderisme-a-catalunya\/","url":"https:\/\/traveladic.com\/guies-de-senderisme-a-catalunya\/","name":"Senderisme a Catalunya: les millors rutes per descobrir el pa\u00eds","isPartOf":{"@id":"https:\/\/traveladic.com\/#website"},"datePublished":"2026-04-24T12:18:21+00:00","dateModified":"2026-04-24T12:20:38+00:00","description":"Descobreix les millors rutes de senderisme a Catalunya: excursions per a tots els nivells, paisatges espectaculars i inspiraci\u00f3 per caminar.","breadcrumb":{"@id":"https:\/\/traveladic.com\/guies-de-senderisme-a-catalunya\/#breadcrumb"},"inLanguage":"ca","potentialAction":[{"@type":"ReadAction","target":["https:\/\/traveladic.com\/guies-de-senderisme-a-catalunya\/"]}]},{"@type":"BreadcrumbList","@id":"https:\/\/traveladic.com\/guies-de-senderisme-a-catalunya\/#breadcrumb","itemListElement":[{"@type":"ListItem","position":1,"name":"Portada","item":"https:\/\/traveladic.com\/"},{"@type":"ListItem","position":2,"name":"Guies de senderisme a Catalunya"}]},{"@type":"WebSite","@id":"https:\/\/traveladic.com\/#website","url":"https:\/\/traveladic.com\/","name":"Travel\u00e0dic","description":"La teva aventura comen\u00e7a aqu\u00ed.","publisher":{"@id":"https:\/\/traveladic.com\/#organization"},"potentialAction":[{"@type":"SearchAction","target":{"@type":"EntryPoint","urlTemplate":"https:\/\/traveladic.com\/?s={search_term_string}"},"query-input":{"@type":"PropertyValueSpecification","valueRequired":true,"valueName":"search_term_string"}}],"inLanguage":"ca"},{"@type":"Organization","@id":"https:\/\/traveladic.com\/#organization","name":"Travel\u00e0dic","url":"https:\/\/traveladic.com\/","logo":{"@type":"ImageObject","inLanguage":"ca","@id":"https:\/\/traveladic.com\/#\/schema\/logo\/image\/","url":"https:\/\/traveladic.com\/wp-content\/uploads\/2025\/06\/cropped-logo-WhiteBG-1-1.png","contentUrl":"https:\/\/traveladic.com\/wp-content\/uploads\/2025\/06\/cropped-logo-WhiteBG-1-1.png","width":250,"height":250,"caption":"Travel\u00e0dic"},"image":{"@id":"https:\/\/traveladic.com\/#\/schema\/logo\/image\/"},"sameAs":["https:\/\/www.instagram.com\/traveladic_kitmochilero\/"]}]}},"_links":{"self":[{"href":"https:\/\/traveladic.com\/ca\/wp-json\/wp\/v2\/pages\/5602","targetHints":{"allow":["GET"]}}],"collection":[{"href":"https:\/\/traveladic.com\/ca\/wp-json\/wp\/v2\/pages"}],"about":[{"href":"https:\/\/traveladic.com\/ca\/wp-json\/wp\/v2\/types\/page"}],"author":[{"embeddable":true,"href":"https:\/\/traveladic.com\/ca\/wp-json\/wp\/v2\/users\/1"}],"replies":[{"embeddable":true,"href":"https:\/\/traveladic.com\/ca\/wp-json\/wp\/v2\/comments?post=5602"}],"version-history":[{"count":1,"href":"https:\/\/traveladic.com\/ca\/wp-json\/wp\/v2\/pages\/5602\/revisions"}],"predecessor-version":[{"id":5605,"href":"https:\/\/traveladic.com\/ca\/wp-json\/wp\/v2\/pages\/5602\/revisions\/5605"}],"wp:attachment":[{"href":"https:\/\/traveladic.com\/ca\/wp-json\/wp\/v2\/media?parent=5602"}],"curies":[{"name":"wp","href":"https:\/\/api.w.org\/{rel}","templated":true}]}}